{"id":14843,"date":"2026-03-07T02:37:47","date_gmt":"2026-03-07T02:37:47","guid":{"rendered":"https:\/\/domaincollection.shop\/?post_type=product&#038;p=14843"},"modified":"2026-03-07T02:45:31","modified_gmt":"2026-03-07T02:45:31","slug":"fresilkora-edelstahl-spultucher-10er-set-wiederverwendbare-spultucher-kratzfrei-extrem-robust-schnelltrocknend-hygienisch-nass-trocken-spulmaschinenfest-perfekt-fur-pfannen-topf","status":"publish","type":"product","link":"https:\/\/domaincollection.shop\/de\/produkt\/fresilkora-edelstahl-spultucher-10er-set-wiederverwendbare-spultucher-kratzfrei-extrem-robust-schnelltrocknend-hygienisch-nass-trocken-spulmaschinenfest-perfekt-fur-pfannen-topf\/","title":{"rendered":"Fresilkora Edelstahl-Sp\u00fclt\u00fccher (10er-Set)- Wiederverwendbare Sp\u00fclt\u00fccher- Kratzfrei &amp; extrem robust- Schnelltrocknend &amp; hygienisch - Nass\/Trocken - sp\u00fclmaschinenfest-Perfekt f\u00fcr: Pfannen. T\u00f6pfe &amp; K\u00fcchenfl\u00e4chen"},"content":{"rendered":"<div data-elementor-type=\"product-post\" data-elementor-id=\"14843\" class=\"elementor elementor-14843\" data-elementor-post-type=\"product\">\n\t\t\t\t<div class=\"elementor-element elementor-element-605a86b1 e-flex e-con-boxed e-con e-parent\" data-id=\"605a86b1\" data-element_type=\"container\" data-settings=\"{&quot;ekit_has_onepagescroll_dot&quot;:&quot;yes&quot;}\">\n\t\t\t\t\t<div class=\"e-con-inner\">\n\t\t\t\t<div class=\"elementor-element elementor-element-1f6abda6 elementor-widget elementor-widget-image\" data-id=\"1f6abda6\" data-element_type=\"widget\" data-settings=\"{&quot;ekit_we_effect_on&quot;:&quot;none&quot;}\" data-widget_type=\"image.default\">\n\t\t\t\t<div class=\"elementor-widget-container\">\n\t\t\t\t\t\t\t\t\t\t\t\t\t\t\t<img loading=\"lazy\" decoding=\"async\" width=\"970\" height=\"600\" src=\"https:\/\/domaincollection.shop\/wp-content\/uploads\/2026\/03\/1-16.jpg\" class=\"attachment-full size-full wp-image-14857 wvs-archive-product-image\" alt=\"\" srcset=\"https:\/\/domaincollection.shop\/wp-content\/uploads\/2026\/03\/1-16.jpg 970w, https:\/\/domaincollection.shop\/wp-content\/uploads\/2026\/03\/1-16-300x186.jpg 300w, https:\/\/domaincollection.shop\/wp-content\/uploads\/2026\/03\/1-16-768x475.jpg 768w, https:\/\/domaincollection.shop\/wp-content\/uploads\/2026\/03\/1-16-18x12.jpg 18w, https:\/\/domaincollection.shop\/wp-content\/uploads\/2026\/03\/1-16-600x371.jpg 600w, https:\/\/domaincollection.shop\/wp-content\/uploads\/2026\/03\/1-16-1x1.jpg 1w, https:\/\/domaincollection.shop\/wp-content\/uploads\/2026\/03\/1-16-10x6.jpg 10w\" sizes=\"auto, (max-width: 970px) 100vw, 970px\" \/>\t\t\t\t\t\t\t\t\t\t\t\t\t\t\t<\/div>\n\t\t\t\t<\/div>\n\t\t\t\t<div class=\"elementor-element elementor-element-26cdb245 elementor-widget elementor-widget-image\" data-id=\"26cdb245\" data-element_type=\"widget\" data-settings=\"{&quot;ekit_we_effect_on&quot;:&quot;none&quot;}\" data-widget_type=\"image.default\">\n\t\t\t\t<div class=\"elementor-widget-container\">\n\t\t\t\t\t\t\t\t\t\t\t\t\t\t\t<img loading=\"lazy\" decoding=\"async\" width=\"970\" height=\"600\" src=\"https:\/\/domaincollection.shop\/wp-content\/uploads\/2026\/03\/2-12.jpg\" class=\"attachment-full size-full wp-image-14858 wvs-archive-product-image\" alt=\"\" srcset=\"https:\/\/domaincollection.shop\/wp-content\/uploads\/2026\/03\/2-12.jpg 970w, https:\/\/domaincollection.shop\/wp-content\/uploads\/2026\/03\/2-12-300x186.jpg 300w, https:\/\/domaincollection.shop\/wp-content\/uploads\/2026\/03\/2-12-768x475.jpg 768w, https:\/\/domaincollection.shop\/wp-content\/uploads\/2026\/03\/2-12-18x12.jpg 18w, https:\/\/domaincollection.shop\/wp-content\/uploads\/2026\/03\/2-12-600x371.jpg 600w, https:\/\/domaincollection.shop\/wp-content\/uploads\/2026\/03\/2-12-1x1.jpg 1w, https:\/\/domaincollection.shop\/wp-content\/uploads\/2026\/03\/2-12-10x6.jpg 10w\" sizes=\"auto, (max-width: 970px) 100vw, 970px\" \/>\t\t\t\t\t\t\t\t\t\t\t\t\t\t\t<\/div>\n\t\t\t\t<\/div>\n\t\t\t\t<div class=\"elementor-element elementor-element-2360c20d elementor-widget elementor-widget-image\" data-id=\"2360c20d\" data-element_type=\"widget\" data-settings=\"{&quot;ekit_we_effect_on&quot;:&quot;none&quot;}\" data-widget_type=\"image.default\">\n\t\t\t\t<div class=\"elementor-widget-container\">\n\t\t\t\t\t\t\t\t\t\t\t\t\t\t\t<img loading=\"lazy\" decoding=\"async\" width=\"970\" height=\"600\" src=\"https:\/\/domaincollection.shop\/wp-content\/uploads\/2026\/03\/3-12.jpg\" class=\"attachment-full size-full wp-image-14859 wvs-archive-product-image\" alt=\"\" srcset=\"https:\/\/domaincollection.shop\/wp-content\/uploads\/2026\/03\/3-12.jpg 970w, https:\/\/domaincollection.shop\/wp-content\/uploads\/2026\/03\/3-12-300x186.jpg 300w, https:\/\/domaincollection.shop\/wp-content\/uploads\/2026\/03\/3-12-768x475.jpg 768w, https:\/\/domaincollection.shop\/wp-content\/uploads\/2026\/03\/3-12-18x12.jpg 18w, https:\/\/domaincollection.shop\/wp-content\/uploads\/2026\/03\/3-12-600x371.jpg 600w, https:\/\/domaincollection.shop\/wp-content\/uploads\/2026\/03\/3-12-1x1.jpg 1w, https:\/\/domaincollection.shop\/wp-content\/uploads\/2026\/03\/3-12-10x6.jpg 10w\" sizes=\"auto, (max-width: 970px) 100vw, 970px\" \/>\t\t\t\t\t\t\t\t\t\t\t\t\t\t\t<\/div>\n\t\t\t\t<\/div>\n\t\t\t\t<div class=\"elementor-element elementor-element-1c9016f5 elementor-widget elementor-widget-image\" data-id=\"1c9016f5\" data-element_type=\"widget\" data-settings=\"{&quot;ekit_we_effect_on&quot;:&quot;none&quot;}\" data-widget_type=\"image.default\">\n\t\t\t\t<div class=\"elementor-widget-container\">\n\t\t\t\t\t\t\t\t\t\t\t\t\t\t\t<img loading=\"lazy\" decoding=\"async\" width=\"970\" height=\"600\" src=\"https:\/\/domaincollection.shop\/wp-content\/uploads\/2026\/03\/4-11.jpg\" class=\"attachment-full size-full wp-image-14860 wvs-archive-product-image\" alt=\"\" srcset=\"https:\/\/domaincollection.shop\/wp-content\/uploads\/2026\/03\/4-11.jpg 970w, https:\/\/domaincollection.shop\/wp-content\/uploads\/2026\/03\/4-11-300x186.jpg 300w, https:\/\/domaincollection.shop\/wp-content\/uploads\/2026\/03\/4-11-768x475.jpg 768w, https:\/\/domaincollection.shop\/wp-content\/uploads\/2026\/03\/4-11-18x12.jpg 18w, https:\/\/domaincollection.shop\/wp-content\/uploads\/2026\/03\/4-11-600x371.jpg 600w, https:\/\/domaincollection.shop\/wp-content\/uploads\/2026\/03\/4-11-1x1.jpg 1w, https:\/\/domaincollection.shop\/wp-content\/uploads\/2026\/03\/4-11-10x6.jpg 10w\" sizes=\"auto, (max-width: 970px) 100vw, 970px\" \/>\t\t\t\t\t\t\t\t\t\t\t\t\t\t\t<\/div>\n\t\t\t\t<\/div>\n\t\t\t\t<div class=\"elementor-element elementor-element-7629ba04 elementor-widget elementor-widget-image\" data-id=\"7629ba04\" data-element_type=\"widget\" data-settings=\"{&quot;ekit_we_effect_on&quot;:&quot;none&quot;}\" data-widget_type=\"image.default\">\n\t\t\t\t<div class=\"elementor-widget-container\">\n\t\t\t\t\t\t\t\t\t\t\t\t\t\t\t<img loading=\"lazy\" decoding=\"async\" width=\"970\" height=\"600\" src=\"https:\/\/domaincollection.shop\/wp-content\/uploads\/2026\/03\/5-11.jpg\" class=\"attachment-full size-full wp-image-14861 wvs-archive-product-image\" alt=\"\" srcset=\"https:\/\/domaincollection.shop\/wp-content\/uploads\/2026\/03\/5-11.jpg 970w, https:\/\/domaincollection.shop\/wp-content\/uploads\/2026\/03\/5-11-300x186.jpg 300w, https:\/\/domaincollection.shop\/wp-content\/uploads\/2026\/03\/5-11-768x475.jpg 768w, https:\/\/domaincollection.shop\/wp-content\/uploads\/2026\/03\/5-11-18x12.jpg 18w, https:\/\/domaincollection.shop\/wp-content\/uploads\/2026\/03\/5-11-600x371.jpg 600w, https:\/\/domaincollection.shop\/wp-content\/uploads\/2026\/03\/5-11-1x1.jpg 1w, https:\/\/domaincollection.shop\/wp-content\/uploads\/2026\/03\/5-11-10x6.jpg 10w\" sizes=\"auto, (max-width: 970px) 100vw, 970px\" \/>\t\t\t\t\t\t\t\t\t\t\t\t\t\t\t<\/div>\n\t\t\t\t<\/div>\n\t\t\t\t<div class=\"elementor-element elementor-element-5732891 elementor-widget elementor-widget-image\" data-id=\"5732891\" data-element_type=\"widget\" data-settings=\"{&quot;ekit_we_effect_on&quot;:&quot;none&quot;}\" data-widget_type=\"image.default\">\n\t\t\t\t<div class=\"elementor-widget-container\">\n\t\t\t\t\t\t\t\t\t\t\t\t\t\t\t<img loading=\"lazy\" decoding=\"async\" width=\"970\" height=\"600\" src=\"https:\/\/domaincollection.shop\/wp-content\/uploads\/2026\/03\/6-10.jpg\" class=\"attachment-full size-full wp-image-14862 wvs-archive-product-image\" alt=\"\" srcset=\"https:\/\/domaincollection.shop\/wp-content\/uploads\/2026\/03\/6-10.jpg 970w, https:\/\/domaincollection.shop\/wp-content\/uploads\/2026\/03\/6-10-300x186.jpg 300w, https:\/\/domaincollection.shop\/wp-content\/uploads\/2026\/03\/6-10-768x475.jpg 768w, https:\/\/domaincollection.shop\/wp-content\/uploads\/2026\/03\/6-10-18x12.jpg 18w, https:\/\/domaincollection.shop\/wp-content\/uploads\/2026\/03\/6-10-600x371.jpg 600w, https:\/\/domaincollection.shop\/wp-content\/uploads\/2026\/03\/6-10-1x1.jpg 1w, https:\/\/domaincollection.shop\/wp-content\/uploads\/2026\/03\/6-10-10x6.jpg 10w\" sizes=\"auto, (max-width: 970px) 100vw, 970px\" \/>\t\t\t\t\t\t\t\t\t\t\t\t\t\t\t<\/div>\n\t\t\t\t<\/div>\n\t\t\t\t\t<\/div>\n\t\t\t\t<\/div>\n\t\t<div class=\"elementor-element elementor-element-35f40f90 e-flex e-con-boxed e-con e-parent\" data-id=\"35f40f90\" data-element_type=\"container\" data-settings=\"{&quot;ekit_has_onepagescroll_dot&quot;:&quot;yes&quot;}\">\n\t\t\t\t\t<div class=\"e-con-inner\">\n\t\t\t\t<div class=\"elementor-element elementor-element-3a800f8d elementor-widget elementor-widget-text-editor\" data-id=\"3a800f8d\" data-element_type=\"widget\" data-settings=\"{&quot;ekit_we_effect_on&quot;:&quot;none&quot;}\" data-widget_type=\"text-editor.default\">\n\t\t\t\t<div class=\"elementor-widget-container\">\n\t\t\t\t\t\t\t\t\t<div class=\"elementor-widget-container\">\n\n<div class=\"product-table\">\n<div class=\"product-row\">\n<div class=\"product-label\"><strong>Gewicht<\/strong><\/div>\n<div class=\"product-value\"><strong>Leicht<\/strong><\/div>\n<\/div>\n<div class=\"product-row\">\n<div class=\"product-label\"><strong>Verwendung<\/strong><\/div>\n<div class=\"product-value\"><strong>Reinigung von Pfannen, T\u00f6pfen, K\u00fcchenfl\u00e4chen<\/strong><\/div>\n<\/div>\n<div class=\"product-row\">\n<div class=\"product-label\"><strong>F\u00fcr wen geeignet<\/strong><\/div>\n<div class=\"product-value\"><strong>Haushalte, K\u00fcchennutzer<\/strong><\/div>\n<\/div>\n<div class=\"product-row\">\n<div class=\"product-label\"><strong>Material<\/strong><\/div>\n<div class=\"product-value\"><strong>Edelstahl<\/strong><\/div>\n<\/div>\n<\/div>\n<style>\n.product-table {\nwidth: 100%;\nborder-top: 1px solid #000;\nfont-family: Arial, sans-serif;\n}\n.product-row {\ndisplay: flex;\nborder-bottom: 1px solid #000;\npadding: 12px 0;\n}\n.product-label {\nflex: 1;\nfont-weight: bold;\nmin-width: 200px;\npadding-right: 20px;\n}\n.product-value {\nflex: 1;\nmin-width: 200px;\n}\n<\/style>\n<\/div>\t\t\t\t\t\t\t\t<\/div>\n\t\t\t\t<\/div>\n\t\t\t\t\t<\/div>\n\t\t\t\t<\/div>\n\t\t\t\t<\/div>","protected":false},"excerpt":{"rendered":"<p>Gewicht Leicht Verwendung Reinigung von Pfannen, T\u00f6pfen, K\u00fcchenfl\u00e4chen F\u00fcr wen geeignet Haushalte, K\u00fcchennutzer Material Edelstahl<\/p>","protected":false},"featured_media":14847,"comment_status":"open","ping_status":"closed","template":"","meta":{"_acf_changed":false},"etheme_brands":[],"product_brand":[],"product_cat":[118],"product_tag":[],"class_list":{"0":"post-14843","1":"product","2":"type-product","3":"status-publish","4":"has-post-thumbnail","6":"product_cat-sale-shop","8":"first","9":"instock","10":"sale","11":"shipping-taxable","12":"purchasable","13":"product-type-variable","14":"has-default-attributes","15":"wvs-archive-product-wrapper"},"acf":[],"_links":{"self":[{"href":"https:\/\/domaincollection.shop\/de\/wp-json\/wp\/v2\/product\/14843","targetHints":{"allow":["GET"]}}],"collection":[{"href":"https:\/\/domaincollection.shop\/de\/wp-json\/wp\/v2\/product"}],"about":[{"href":"https:\/\/domaincollection.shop\/de\/wp-json\/wp\/v2\/types\/product"}],"replies":[{"embeddable":true,"href":"https:\/\/domaincollection.shop\/de\/wp-json\/wp\/v2\/comments?post=14843"}],"version-history":[{"count":4,"href":"https:\/\/domaincollection.shop\/de\/wp-json\/wp\/v2\/product\/14843\/revisions"}],"predecessor-version":[{"id":14870,"href":"https:\/\/domaincollection.shop\/de\/wp-json\/wp\/v2\/product\/14843\/revisions\/14870"}],"wp:featuredmedia":[{"embeddable":true,"href":"https:\/\/domaincollection.shop\/de\/wp-json\/wp\/v2\/media\/14847"}],"wp:attachment":[{"href":"https:\/\/domaincollection.shop\/de\/wp-json\/wp\/v2\/media?parent=14843"}],"wp:term":[{"taxonomy":"brand","embeddable":true,"href":"https:\/\/domaincollection.shop\/de\/wp-json\/wp\/v2\/etheme_brands?post=14843"},{"taxonomy":"product_brand","embeddable":true,"href":"https:\/\/domaincollection.shop\/de\/wp-json\/wp\/v2\/product_brand?post=14843"},{"taxonomy":"product_cat","embeddable":true,"href":"https:\/\/domaincollection.shop\/de\/wp-json\/wp\/v2\/product_cat?post=14843"},{"taxonomy":"product_tag","embeddable":true,"href":"https:\/\/domaincollection.shop\/de\/wp-json\/wp\/v2\/product_tag?post=14843"}],"curies":[{"name":"wp","href":"https:\/\/api.w.org\/{rel}","templated":true}]}}